{"id":968,"date":"2024-03-11T09:19:30","date_gmt":"2024-03-11T08:19:30","guid":{"rendered":"https:\/\/alimen-t.be\/?page_id=968"},"modified":"2024-03-12T14:04:57","modified_gmt":"2024-03-12T13:04:57","slug":"nos-missions","status":"publish","type":"page","link":"https:\/\/alimen-t.be\/index.php\/nos-missions\/","title":{"rendered":"Nos missions"},"content":{"rendered":"\t\t<div data-elementor-type=\"wp-page\" data-elementor-id=\"968\" class=\"elementor elementor-968\">\n\t\t\t\t<div class=\"elementor-element elementor-element-94c511d e-flex e-con-boxed e-con e-parent\" data-id=\"94c511d\" data-element_type=\"container\" data-settings=\"{&quot;content_width&quot;:&quot;boxed&quot;}\" data-core-v316-plus=\"true\">\n\t\t\t\t\t<div class=\"e-con-inner\">\n\t\t\t\t<div class=\"elementor-element elementor-element-a42a440 elementor-widget elementor-widget-heading\" data-id=\"a42a440\" data-element_type=\"widget\" data-widget_type=\"heading.default\">\n\t\t\t\t<div class=\"elementor-widget-container\">\n\t\t\t<style>\/*! elementor - v3.19.0 - 28-02-2024 *\/\n.elementor-heading-title{padding:0;margin:0;line-height:1}.elementor-widget-heading .elementor-heading-title[class*=elementor-size-]>a{color:inherit;font-size:inherit;line-height:inherit}.elementor-widget-heading .elementor-heading-title.elementor-size-small{font-size:15px}.elementor-widget-heading .elementor-heading-title.elementor-size-medium{font-size:19px}.elementor-widget-heading .elementor-heading-title.elementor-size-large{font-size:29px}.elementor-widget-heading .elementor-heading-title.elementor-size-xl{font-size:39px}.elementor-widget-heading .elementor-heading-title.elementor-size-xxl{font-size:59px}<\/style><h4 class=\"elementor-heading-title elementor-size-default\">1. Organiser et structurer l\u2019aide alimentaire<\/h4>\t\t<\/div>\n\t\t\t\t<\/div>\n\t\t\t\t\t<\/div>\n\t\t\t\t<\/div>\n\t\t<div class=\"elementor-element elementor-element-950e345 e-flex e-con-boxed e-con e-parent\" data-id=\"950e345\" data-element_type=\"container\" data-settings=\"{&quot;content_width&quot;:&quot;boxed&quot;}\" data-core-v316-plus=\"true\">\n\t\t\t\t\t<div class=\"e-con-inner\">\n\t\t\t\t<div class=\"elementor-element elementor-element-b2184c2 elementor-widget elementor-widget-text-editor\" data-id=\"b2184c2\" data-element_type=\"widget\" data-widget_type=\"text-editor.default\">\n\t\t\t\t<div class=\"elementor-widget-container\">\n\t\t\t<style>\/*! elementor - v3.19.0 - 28-02-2024 *\/\n.elementor-widget-text-editor.elementor-drop-cap-view-stacked .elementor-drop-cap{background-color:#69727d;color:#fff}.elementor-widget-text-editor.elementor-drop-cap-view-framed .elementor-drop-cap{color:#69727d;border:3px solid;background-color:transparent}.elementor-widget-text-editor:not(.elementor-drop-cap-view-default) .elementor-drop-cap{margin-top:8px}.elementor-widget-text-editor:not(.elementor-drop-cap-view-default) .elementor-drop-cap-letter{width:1em;height:1em}.elementor-widget-text-editor .elementor-drop-cap{float:left;text-align:center;line-height:1;font-size:50px}.elementor-widget-text-editor .elementor-drop-cap-letter{display:inline-block}<\/style>\t\t\t\t<p>En proposant une solution logistique de stockage, de manutention, de conditionnement et de livraison :<\/p><p>\u2013 pour les produits en provenance du Fond Europ\u00e9en d\u2019Aide aux plus D\u00e9munis (FEAD) qui sont ensuite redistribu\u00e9s aux CPAS et aux associations agr\u00e9es par le Service Public de Programmation Int\u00e9gration Sociale,\u00a0<\/p><p>\u2013 pour l\u2019aide alimentaire provenant de la Banque alimentaire Namur-Luxembourg (BANL) \u00e0 destination des associations reconnues par elle.<\/p>\t\t\t\t\t\t<\/div>\n\t\t\t\t<\/div>\n\t\t\t\t<div class=\"elementor-element elementor-element-2f38950 elementor-widget elementor-widget-heading\" data-id=\"2f38950\" data-element_type=\"widget\" data-widget_type=\"heading.default\">\n\t\t\t\t<div class=\"elementor-widget-container\">\n\t\t\t<h4 class=\"elementor-heading-title elementor-size-default\">2. Structurer la logistique des invendus et des surplus<\/h4>\t\t<\/div>\n\t\t\t\t<\/div>\n\t\t\t\t<div class=\"elementor-element elementor-element-cd51aeb elementor-widget elementor-widget-text-editor\" data-id=\"cd51aeb\" data-element_type=\"widget\" data-widget_type=\"text-editor.default\">\n\t\t\t\t<div class=\"elementor-widget-container\">\n\t\t\t\t\t\t\t<p>En r\u00e9cup\u00e9rant ces produits en provenance de producteurs, d\u2019entreprises agro-alimentaires et de la grande distribution pour les transformer, les conditionner\u00a0 et les redistribuer.<\/p>\t\t\t\t\t\t<\/div>\n\t\t\t\t<\/div>\n\t\t\t\t<div class=\"elementor-element elementor-element-6d6a78d elementor-widget elementor-widget-heading\" data-id=\"6d6a78d\" data-element_type=\"widget\" data-widget_type=\"heading.default\">\n\t\t\t\t<div class=\"elementor-widget-container\">\n\t\t\t<h4 class=\"elementor-heading-title elementor-size-default\">3. Sensibiliser \u00e0 une alimentation saine et \u00e0 la lutte contre le gaspillage alimentaire<\/h4>\t\t<\/div>\n\t\t\t\t<\/div>\n\t\t\t\t<div class=\"elementor-element elementor-element-c64d0a1 elementor-widget elementor-widget-text-editor\" data-id=\"c64d0a1\" data-element_type=\"widget\" data-widget_type=\"text-editor.default\">\n\t\t\t\t<div class=\"elementor-widget-container\">\n\t\t\t\t\t\t\t<p>Par l\u2019animation d\u2019ateliers dans les CPAS, les associations, ou encore les \u00e9coles, et par la participation aux salons.<\/p>\t\t\t\t\t\t<\/div>\n\t\t\t\t<\/div>\n\t\t\t\t<div class=\"elementor-element elementor-element-65f4299 elementor-widget elementor-widget-heading\" data-id=\"65f4299\" data-element_type=\"widget\" data-widget_type=\"heading.default\">\n\t\t\t\t<div class=\"elementor-widget-container\">\n\t\t\t<h4 class=\"elementor-heading-title elementor-size-default\">4. Soutenir une agriculture durable et de bonne qualit\u00e9<\/h4>\t\t<\/div>\n\t\t\t\t<\/div>\n\t\t\t\t<div class=\"elementor-element elementor-element-5b6481f elementor-widget elementor-widget-text-editor\" data-id=\"5b6481f\" data-element_type=\"widget\" data-widget_type=\"text-editor.default\">\n\t\t\t\t<div class=\"elementor-widget-container\">\n\t\t\t\t\t\t\t<p>En proposant divers projets, comme le glanage, de r\u00e9cup\u00e9ration des invendus, surplus ou produits non calibr\u00e9s.<\/p>\t\t\t\t\t\t<\/div>\n\t\t\t\t<\/div>\n\t\t\t\t<div class=\"elementor-element elementor-element-6362b0b elementor-widget elementor-widget-heading\" data-id=\"6362b0b\" data-element_type=\"widget\" data-widget_type=\"heading.default\">\n\t\t\t\t<div class=\"elementor-widget-container\">\n\t\t\t<h4 class=\"elementor-heading-title elementor-size-default\">5. Proposer des produits non alimentaires<\/h4>\t\t<\/div>\n\t\t\t\t<\/div>\n\t\t\t\t<div class=\"elementor-element elementor-element-c811a9b elementor-widget elementor-widget-text-editor\" data-id=\"c811a9b\" data-element_type=\"widget\" data-widget_type=\"text-editor.default\">\n\t\t\t\t<div class=\"elementor-widget-container\">\n\t\t\t\t\t\t\t<p>Produits d\u2019hygi\u00e8ne et d\u2019entretien, des jeux, du mat\u00e9riel scolaires et de premi\u00e8re n\u00e9cessit\u00e9, en partenariat notamment avec l\u2019Asbl Goods to Give.<\/p>\t\t\t\t\t\t<\/div>\n\t\t\t\t<\/div>\n\t\t\t\t\t<\/div>\n\t\t\t\t<\/div>\n\t\t\t\t<\/div>\n\t\t","protected":false},"excerpt":{"rendered":"<p>1. Organiser et structurer l\u2019aide alimentaire En proposant une solution logistique de stockage, de manutention, de conditionnement et de livraison : \u2013 pour les produits en provenance du Fond Europ\u00e9en d\u2019Aide aux plus D\u00e9munis (FEAD) qui sont ensuite redistribu\u00e9s aux CPAS et aux associations agr\u00e9es par le Service Public de Programmation Int\u00e9gration Sociale,\u00a0 \u2013 pour [&hellip;]<\/p>\n","protected":false},"author":1,"featured_media":0,"parent":0,"menu_order":0,"comment_status":"closed","ping_status":"closed","template":"","meta":{"footnotes":""},"_links":{"self":[{"href":"https:\/\/alimen-t.be\/index.php\/wp-json\/wp\/v2\/pages\/968"}],"collection":[{"href":"https:\/\/alimen-t.be\/index.php\/wp-json\/wp\/v2\/pages"}],"about":[{"href":"https:\/\/alimen-t.be\/index.php\/wp-json\/wp\/v2\/types\/page"}],"author":[{"embeddable":true,"href":"https:\/\/alimen-t.be\/index.php\/wp-json\/wp\/v2\/users\/1"}],"replies":[{"embeddable":true,"href":"https:\/\/alimen-t.be\/index.php\/wp-json\/wp\/v2\/comments?post=968"}],"version-history":[{"count":10,"href":"https:\/\/alimen-t.be\/index.php\/wp-json\/wp\/v2\/pages\/968\/revisions"}],"predecessor-version":[{"id":1101,"href":"https:\/\/alimen-t.be\/index.php\/wp-json\/wp\/v2\/pages\/968\/revisions\/1101"}],"wp:attachment":[{"href":"https:\/\/alimen-t.be\/index.php\/wp-json\/wp\/v2\/media?parent=968"}],"curies":[{"name":"wp","href":"https:\/\/api.w.org\/{rel}","templated":true}]}}