{"id":941,"date":"2024-02-19T15:55:50","date_gmt":"2024-02-19T14:55:50","guid":{"rendered":"https:\/\/alimen-t.be\/?page_id=941"},"modified":"2024-03-12T16:36:07","modified_gmt":"2024-03-12T15:36:07","slug":"lhistorique3","status":"publish","type":"page","link":"https:\/\/alimen-t.be\/index.php\/lhistorique3\/","title":{"rendered":"L&rsquo;historique"},"content":{"rendered":"\t\t<div data-elementor-type=\"wp-page\" data-elementor-id=\"941\" class=\"elementor elementor-941\">\n\t\t\t\t<div class=\"elementor-element elementor-element-09f376a e-flex e-con-boxed e-con e-parent\" data-id=\"09f376a\" data-element_type=\"container\" data-settings=\"{&quot;content_width&quot;:&quot;boxed&quot;}\" data-core-v316-plus=\"true\">\n\t\t\t\t\t<div class=\"e-con-inner\">\n\t\t<div class=\"elementor-element elementor-element-269e597 e-con-full e-flex e-con e-child\" data-id=\"269e597\" data-element_type=\"container\" data-settings=\"{&quot;content_width&quot;:&quot;full&quot;}\">\n\t\t\t\t<div class=\"elementor-element elementor-element-fe4427b elementor-widget elementor-widget-text-editor\" data-id=\"fe4427b\" data-element_type=\"widget\" data-widget_type=\"text-editor.default\">\n\t\t\t\t<div class=\"elementor-widget-container\">\n\t\t\t<style>\/*! elementor - v3.19.0 - 28-02-2024 *\/\n.elementor-widget-text-editor.elementor-drop-cap-view-stacked .elementor-drop-cap{background-color:#69727d;color:#fff}.elementor-widget-text-editor.elementor-drop-cap-view-framed .elementor-drop-cap{color:#69727d;border:3px solid;background-color:transparent}.elementor-widget-text-editor:not(.elementor-drop-cap-view-default) .elementor-drop-cap{margin-top:8px}.elementor-widget-text-editor:not(.elementor-drop-cap-view-default) .elementor-drop-cap-letter{width:1em;height:1em}.elementor-widget-text-editor .elementor-drop-cap{float:left;text-align:center;line-height:1;font-size:50px}.elementor-widget-text-editor .elementor-drop-cap-letter{display:inline-block}<\/style>\t\t\t\t<p>2012<\/p>\n<p>En 2012, on annonce que l\u2019Asbl G\u00e9n\u00e9ration Solidaire, acteur majeur de l\u2019aide alimentaire en province de Luxembourg cesse ses activit\u00e9s. Pratiquement au m\u00eame moment, les casernes militaires de Baronville et d\u2019Ans, qui stockaient les denr\u00e9es alimentaires destin\u00e9s aux CPAS, ferment elles aussi leurs portes. Afin de palier \u00e0 cela, l\u2019Institution provinciale avait mandat\u00e9 NGE \u2013 agence de d\u00e9veloppement territoriale \u2013 pour r\u00e9aliser une cartographie des acteurs de l\u2019aide alimentaire en province de Luxembourg.<br \/><br \/>Il avait \u00e9t\u00e9 demand\u00e9 \u00e0 NGE de r\u00e9aliser une \u00e9tude aupr\u00e8s des 44 CPAS de la province afin de mettre en avant leurs difficult\u00e9s et souhaits par rapport \u00e0 cette probl\u00e9matique. Suite aux diff\u00e9rents constats observ\u00e9s, un 1er appel \u00e0 projet avait \u00e9t\u00e9 rendu au SPP Int\u00e9gration Sociale en 2012. Ce projet consistait en la \u00ab Cr\u00e9ation d\u2019une plate-forme alimentaire durable en province de Luxembourg \u00bb et souhaitait mettre sur pied un service commun de distribution alimentaire pour les associations et institutions du territoire. Le dossier n\u2019avait pas \u00e9t\u00e9 s\u00e9lectionn\u00e9 et le projet \u00e9tait donc rest\u00e9 en attente.<\/p>\t\t\t\t\t\t<\/div>\n\t\t\t\t<\/div>\n\t\t\t\t<\/div>\n\t\t<div class=\"elementor-element elementor-element-059a9a5 e-con-full e-flex e-con e-child\" data-id=\"059a9a5\" data-element_type=\"container\" data-settings=\"{&quot;content_width&quot;:&quot;full&quot;}\">\n\t\t\t\t<div class=\"elementor-element elementor-element-33d499a elementor-widget elementor-widget-image\" data-id=\"33d499a\" data-element_type=\"widget\" data-widget_type=\"image.default\">\n\t\t\t\t<div class=\"elementor-widget-container\">\n\t\t\t<style>\/*! elementor - v3.19.0 - 28-02-2024 *\/\n.elementor-widget-image{text-align:center}.elementor-widget-image a{display:inline-block}.elementor-widget-image a img[src$=\".svg\"]{width:48px}.elementor-widget-image img{vertical-align:middle;display:inline-block}<\/style>\t\t\t\t\t\t\t\t\t\t<img fetchpriority=\"high\" decoding=\"async\" width=\"487\" height=\"338\" src=\"https:\/\/alimen-t.be\/wp-content\/uploads\/2024\/02\/pexels-julia-m-cameron-6995221.jpg\" class=\"attachment-2048x2048 size-2048x2048 wp-image-930\" alt=\"\" srcset=\"https:\/\/alimen-t.be\/wp-content\/uploads\/2024\/02\/pexels-julia-m-cameron-6995221.jpg 487w, https:\/\/alimen-t.be\/wp-content\/uploads\/2024\/02\/pexels-julia-m-cameron-6995221-300x208.jpg 300w\" sizes=\"(max-width: 487px) 100vw, 487px\" \/>\t\t\t\t\t\t\t\t\t\t\t\t\t<\/div>\n\t\t\t\t<\/div>\n\t\t\t\t<\/div>\n\t\t\t\t\t<\/div>\n\t\t\t\t<\/div>\n\t\t<div class=\"elementor-element elementor-element-3494a6d e-flex e-con-boxed e-con e-parent\" data-id=\"3494a6d\" data-element_type=\"container\" data-settings=\"{&quot;content_width&quot;:&quot;boxed&quot;}\" data-core-v316-plus=\"true\">\n\t\t\t\t\t<div class=\"e-con-inner\">\n\t\t<div class=\"elementor-element elementor-element-b1652bf e-con-full e-flex e-con e-child\" data-id=\"b1652bf\" data-element_type=\"container\" data-settings=\"{&quot;content_width&quot;:&quot;full&quot;}\">\n\t\t\t\t<div class=\"elementor-element elementor-element-ffb4181 elementor-widget elementor-widget-image\" data-id=\"ffb4181\" data-element_type=\"widget\" data-widget_type=\"image.default\">\n\t\t\t\t<div class=\"elementor-widget-container\">\n\t\t\t\t\t\t\t\t\t\t\t\t\t<img decoding=\"async\" width=\"800\" height=\"574\" src=\"https:\/\/alimen-t.be\/wp-content\/uploads\/2024\/03\/cook-657352_1280-1024x735.jpg\" class=\"attachment-large size-large wp-image-1067\" alt=\"\" srcset=\"https:\/\/alimen-t.be\/wp-content\/uploads\/2024\/03\/cook-657352_1280-1024x735.jpg 1024w, https:\/\/alimen-t.be\/wp-content\/uploads\/2024\/03\/cook-657352_1280-300x215.jpg 300w, https:\/\/alimen-t.be\/wp-content\/uploads\/2024\/03\/cook-657352_1280-768x551.jpg 768w, https:\/\/alimen-t.be\/wp-content\/uploads\/2024\/03\/cook-657352_1280.jpg 1280w\" sizes=\"(max-width: 800px) 100vw, 800px\" \/>\t\t\t\t\t\t\t\t\t\t\t\t\t<\/div>\n\t\t\t\t<\/div>\n\t\t\t\t<\/div>\n\t\t<div class=\"elementor-element elementor-element-f3cb7ae e-con-full e-flex e-con e-child\" data-id=\"f3cb7ae\" data-element_type=\"container\" data-settings=\"{&quot;content_width&quot;:&quot;full&quot;}\">\n\t\t\t\t<div class=\"elementor-element elementor-element-0554bc8 elementor-widget elementor-widget-text-editor\" data-id=\"0554bc8\" data-element_type=\"widget\" data-widget_type=\"text-editor.default\">\n\t\t\t\t<div class=\"elementor-widget-container\">\n\t\t\t\t\t\t\t<p>2014<\/p>\n<p>En nous basant sur les diff\u00e9rentes constatations relevant du terrain et en sachant que le projet \u00e9tait en attente, nous avons d\u00e9cid\u00e9 de d\u00e9poser un projet en 2014. Celui-ci nous \u00e0 permis d\u2019obtenir le soutien du SPP-Int\u00e9gration Sociale et a pour but de proposer un service coh\u00e9rent de distribution de denr\u00e9es alimentaires, de f\u00e9d\u00e9rer les diff\u00e9rents acteurs de l\u2019aide alimentaire et d\u2019apporter une aide technique et administrative suppl\u00e9mentaire.<br \/><br \/>Le projet pilote proposant un service logistique et de distribution de denr\u00e9es alimentaires s\u2019articulait autour de 4 objectifs pr\u00e9cis : <br \/>\u2022 Organiser l\u2019aide alimentaire provenant de l\u2019Europe et de la Banque Alimentaire Namur-Luxembourg \u00e0 destination des CPAS et des associations (stockage et redistribution). <br \/>\u2022 Structurer la logistique des invendus et\/ou surplus des denr\u00e9es alimentaires provenant des grandes surfaces, des producteurs, de l\u2019industrie agro-alimentaire. <br \/>\u2022 Soutenir une agriculture durable et de qualit\u00e9 via un syst\u00e8me d\u2019approvisionnement innovant aupr\u00e8s d\u2019agriculteurs et de producteurs locaux pour fournir notamment les \u00e9piceries sociales en produits alimentaires frais et locaux. <br \/>\u2022 Proposer un ensemble de \u00ab modules \u00bb de sensibilisation sur les bonnes pratiques alimentaires, la sant\u00e9, la nutrition, la lutte contre le gaspillage alimentaire, \u2026<\/p>\t\t\t\t\t\t<\/div>\n\t\t\t\t<\/div>\n\t\t\t\t<\/div>\n\t\t\t\t\t<\/div>\n\t\t\t\t<\/div>\n\t\t<div class=\"elementor-element elementor-element-b870069 e-flex e-con-boxed e-con e-parent\" data-id=\"b870069\" data-element_type=\"container\" data-settings=\"{&quot;content_width&quot;:&quot;boxed&quot;}\" data-core-v316-plus=\"true\">\n\t\t\t\t\t<div class=\"e-con-inner\">\n\t\t<div class=\"elementor-element elementor-element-4b3149f e-con-full e-flex e-con e-child\" data-id=\"4b3149f\" data-element_type=\"container\" data-settings=\"{&quot;content_width&quot;:&quot;full&quot;}\">\n\t\t\t\t<div class=\"elementor-element elementor-element-43ad573 elementor-widget elementor-widget-text-editor\" data-id=\"43ad573\" data-element_type=\"widget\" data-widget_type=\"text-editor.default\">\n\t\t\t\t<div class=\"elementor-widget-container\">\n\t\t\t\t\t\t\t<p>2014<\/p>\n<p>Lors de ce projet pilote, NGE a assur\u00e9 le stockage et la livraison des produits FEAD pour 33 CPAS et la livraison des produits BANL pour 8 associations. Concernant les invendus et la transformation de nombreux constats ont \u00e9t\u00e9 identifi\u00e9s : une n\u00e9cessit\u00e9 d\u2019avoir des quantit\u00e9s minimales pour une logistique efficace et de mutualiser les moyens ; un co\u00fbt important au niveau de la logistique et le besoin de force de travail; une difficult\u00e9, en fonction des quantit\u00e9s, \u00e0 trouver des relais finaux pour \u00e9couler les invendus alimentaires,\u2026 Des activit\u00e9s de sensibilisation \u00e0 l\u2019alimentation saine en collaboration avec l\u2019Observatoire de Sant\u00e9 ont \u00e9t\u00e9 donn\u00e9es au sein de CPAS.<br \/><br \/>Ce projet pilote a pu \u00eatre prolong\u00e9 sous la tutelle de NGE. Celui-ci s\u2019est ax\u00e9 dans un premier temps sur l\u2019organisation de l\u2019aide alimentaire en provenance de l\u2019Europe et de la Banque Alimentaire Namur-Luxembourg (stockage et redistribution) et \u00e0 proposer des animations sur l\u2019alimentation saine.<\/p>\t\t\t\t\t\t<\/div>\n\t\t\t\t<\/div>\n\t\t\t\t<\/div>\n\t\t<div class=\"elementor-element elementor-element-911952c e-con-full e-flex e-con e-child\" data-id=\"911952c\" data-element_type=\"container\" data-settings=\"{&quot;content_width&quot;:&quot;full&quot;}\">\n\t\t\t\t<div class=\"elementor-element elementor-element-c0042c2 elementor-widget elementor-widget-image\" data-id=\"c0042c2\" data-element_type=\"widget\" data-widget_type=\"image.default\">\n\t\t\t\t<div class=\"elementor-widget-container\">\n\t\t\t\t\t\t\t\t\t\t\t\t\t<img decoding=\"async\" width=\"800\" height=\"534\" src=\"https:\/\/alimen-t.be\/wp-content\/uploads\/2024\/02\/pexels-norma-mortenson-4391478-1024x683.jpg\" class=\"attachment-large size-large wp-image-905\" alt=\"\" srcset=\"https:\/\/alimen-t.be\/wp-content\/uploads\/2024\/02\/pexels-norma-mortenson-4391478-1024x683.jpg 1024w, https:\/\/alimen-t.be\/wp-content\/uploads\/2024\/02\/pexels-norma-mortenson-4391478-300x200.jpg 300w, https:\/\/alimen-t.be\/wp-content\/uploads\/2024\/02\/pexels-norma-mortenson-4391478-768x512.jpg 768w, https:\/\/alimen-t.be\/wp-content\/uploads\/2024\/02\/pexels-norma-mortenson-4391478-1536x1024.jpg 1536w, https:\/\/alimen-t.be\/wp-content\/uploads\/2024\/02\/pexels-norma-mortenson-4391478-2048x1365.jpg 2048w\" sizes=\"(max-width: 800px) 100vw, 800px\" \/>\t\t\t\t\t\t\t\t\t\t\t\t\t<\/div>\n\t\t\t\t<\/div>\n\t\t\t\t<\/div>\n\t\t\t\t\t<\/div>\n\t\t\t\t<\/div>\n\t\t<div class=\"elementor-element elementor-element-c2b5a5c e-flex e-con-boxed e-con e-parent\" data-id=\"c2b5a5c\" data-element_type=\"container\" data-settings=\"{&quot;content_width&quot;:&quot;boxed&quot;}\" data-core-v316-plus=\"true\">\n\t\t\t\t\t<div class=\"e-con-inner\">\n\t\t<div class=\"elementor-element elementor-element-0125fbe e-con-full e-flex e-con e-child\" data-id=\"0125fbe\" data-element_type=\"container\" data-settings=\"{&quot;content_width&quot;:&quot;full&quot;}\">\n\t\t\t\t<div class=\"elementor-element elementor-element-4d5c4d2 elementor-widget elementor-widget-image\" data-id=\"4d5c4d2\" data-element_type=\"widget\" data-widget_type=\"image.default\">\n\t\t\t\t<div class=\"elementor-widget-container\">\n\t\t\t\t\t\t\t\t\t\t\t\t\t<img loading=\"lazy\" decoding=\"async\" width=\"800\" height=\"538\" src=\"https:\/\/alimen-t.be\/wp-content\/uploads\/2024\/03\/pexels-andrea-piacquadio-3860861-1024x688.jpg\" class=\"attachment-large size-large wp-image-1068\" alt=\"\" srcset=\"https:\/\/alimen-t.be\/wp-content\/uploads\/2024\/03\/pexels-andrea-piacquadio-3860861-1024x688.jpg 1024w, https:\/\/alimen-t.be\/wp-content\/uploads\/2024\/03\/pexels-andrea-piacquadio-3860861-300x201.jpg 300w, https:\/\/alimen-t.be\/wp-content\/uploads\/2024\/03\/pexels-andrea-piacquadio-3860861-768x516.jpg 768w, https:\/\/alimen-t.be\/wp-content\/uploads\/2024\/03\/pexels-andrea-piacquadio-3860861-1536x1031.jpg 1536w\" sizes=\"(max-width: 800px) 100vw, 800px\" \/>\t\t\t\t\t\t\t\t\t\t\t\t\t<\/div>\n\t\t\t\t<\/div>\n\t\t\t\t<\/div>\n\t\t<div class=\"elementor-element elementor-element-df3ad43 e-con-full e-flex e-con e-child\" data-id=\"df3ad43\" data-element_type=\"container\" data-settings=\"{&quot;content_width&quot;:&quot;full&quot;}\">\n\t\t\t\t<div class=\"elementor-element elementor-element-de9c98c elementor-widget elementor-widget-text-editor\" data-id=\"de9c98c\" data-element_type=\"widget\" data-widget_type=\"text-editor.default\">\n\t\t\t\t<div class=\"elementor-widget-container\">\n\t\t\t\t\t\t\t<p>2016<\/p>\n<p><span style=\"white-space-collapse: preserve;\">Le 28 novembre 2016, NGE, avec ses partenaires publics et associatifs, ont constitu\u00e9 une Association sans but lucratif qui a pour vocation de p\u00e9renniser le projet, de soutenir le d\u00e9veloppement et la professionnalisation du secteur de l\u2019aide alimentaire et de l\u2019aide sociale, de coordonner les diff\u00e9rentes initiatives sur le territoire et de mettre \u00e0 disposition des outils pour am\u00e9liorer leur pratique et faciliter leur travail.<\/span><\/p>\t\t\t\t\t\t<\/div>\n\t\t\t\t<\/div>\n\t\t\t\t<\/div>\n\t\t\t\t\t<\/div>\n\t\t\t\t<\/div>\n\t\t<div class=\"elementor-element elementor-element-ada3540 e-flex e-con-boxed e-con e-parent\" data-id=\"ada3540\" data-element_type=\"container\" data-settings=\"{&quot;content_width&quot;:&quot;boxed&quot;}\" data-core-v316-plus=\"true\">\n\t\t\t\t\t<div class=\"e-con-inner\">\n\t\t<div class=\"elementor-element elementor-element-fa494d1 e-con-full e-flex e-con e-child\" data-id=\"fa494d1\" data-element_type=\"container\" data-settings=\"{&quot;content_width&quot;:&quot;full&quot;}\">\n\t\t\t\t<div class=\"elementor-element elementor-element-a152475 elementor-widget elementor-widget-text-editor\" data-id=\"a152475\" data-element_type=\"widget\" data-widget_type=\"text-editor.default\">\n\t\t\t\t<div class=\"elementor-widget-container\">\n\t\t\t\t\t\t\t<p>2018<\/p>\n<p><span style=\"white-space-collapse: preserve;\">Cette nouvelle Asbl nomm\u00e9e Alimen\u2019T est devenue autonome le 1er janvier 2018.<br \/><br \/>L\u2019Assembl\u00e9e g\u00e9n\u00e9rale est compos\u00e9e comme suit :<br \/>\u2022 Trois repr\u00e9sentants de NGE-Agence de D\u00e9veloppement Territorial ASBL ;<br \/>\u2022 Trois repr\u00e9sentants de la Province de Luxembourg ;<br \/>\u2022 Un repr\u00e9sentant de La Croix-Rouge de Belgique, Comit\u00e9 provincial Luxembourg ;<br \/>\u2022 Un repr\u00e9sentant de La F\u00e9d\u00e9ration des Directeurs g\u00e9n\u00e9raux de CPAS de Wallonie \u2013 Section luxembourgeoise ;<br \/>\u2022 Un repr\u00e9sentant du Futur Simple ASBL ;<br \/>\u2022 Un repr\u00e9sentant de la Banque Alimentaire des Provinces de Namur et de Luxembourg ASBL<\/span><\/p>\t\t\t\t\t\t<\/div>\n\t\t\t\t<\/div>\n\t\t\t\t<\/div>\n\t\t<div class=\"elementor-element elementor-element-37d488c e-con-full e-flex e-con e-child\" data-id=\"37d488c\" data-element_type=\"container\" data-settings=\"{&quot;content_width&quot;:&quot;full&quot;}\">\n\t\t\t\t<div class=\"elementor-element elementor-element-6100b01 elementor-widget elementor-widget-image\" data-id=\"6100b01\" data-element_type=\"widget\" data-widget_type=\"image.default\">\n\t\t\t\t<div class=\"elementor-widget-container\">\n\t\t\t\t\t\t\t\t\t\t\t\t\t<img loading=\"lazy\" decoding=\"async\" width=\"303\" height=\"250\" src=\"https:\/\/alimen-t.be\/wp-content\/uploads\/2018\/10\/cropped-cropped-AlimenT_logo-1.png\" class=\"attachment-large size-large wp-image-1043\" alt=\"\" srcset=\"https:\/\/alimen-t.be\/wp-content\/uploads\/2018\/10\/cropped-cropped-AlimenT_logo-1.png 303w, https:\/\/alimen-t.be\/wp-content\/uploads\/2018\/10\/cropped-cropped-AlimenT_logo-1-300x248.png 300w\" sizes=\"(max-width: 303px) 100vw, 303px\" \/>\t\t\t\t\t\t\t\t\t\t\t\t\t<\/div>\n\t\t\t\t<\/div>\n\t\t\t\t<\/div>\n\t\t\t\t\t<\/div>\n\t\t\t\t<\/div>\n\t\t\t\t<\/div>\n\t\t","protected":false},"excerpt":{"rendered":"<p>2012 En 2012, on annonce que l\u2019Asbl G\u00e9n\u00e9ration Solidaire, acteur majeur de l\u2019aide alimentaire en province de Luxembourg cesse ses activit\u00e9s. Pratiquement au m\u00eame moment, les casernes militaires de Baronville et d\u2019Ans, qui stockaient les denr\u00e9es alimentaires destin\u00e9s aux CPAS, ferment elles aussi leurs portes. Afin de palier \u00e0 cela, l\u2019Institution provinciale avait mandat\u00e9 NGE [&hellip;]<\/p>\n","protected":false},"author":1,"featured_media":0,"parent":0,"menu_order":2,"comment_status":"closed","ping_status":"closed","template":"","meta":{"footnotes":""},"_links":{"self":[{"href":"https:\/\/alimen-t.be\/index.php\/wp-json\/wp\/v2\/pages\/941"}],"collection":[{"href":"https:\/\/alimen-t.be\/index.php\/wp-json\/wp\/v2\/pages"}],"about":[{"href":"https:\/\/alimen-t.be\/index.php\/wp-json\/wp\/v2\/types\/page"}],"author":[{"embeddable":true,"href":"https:\/\/alimen-t.be\/index.php\/wp-json\/wp\/v2\/users\/1"}],"replies":[{"embeddable":true,"href":"https:\/\/alimen-t.be\/index.php\/wp-json\/wp\/v2\/comments?post=941"}],"version-history":[{"count":13,"href":"https:\/\/alimen-t.be\/index.php\/wp-json\/wp\/v2\/pages\/941\/revisions"}],"predecessor-version":[{"id":1130,"href":"https:\/\/alimen-t.be\/index.php\/wp-json\/wp\/v2\/pages\/941\/revisions\/1130"}],"wp:attachment":[{"href":"https:\/\/alimen-t.be\/index.php\/wp-json\/wp\/v2\/media?parent=941"}],"curies":[{"name":"wp","href":"https:\/\/api.w.org\/{rel}","templated":true}]}}