{"id":659,"date":"2020-05-04T15:56:29","date_gmt":"2020-05-04T13:56:29","guid":{"rendered":"https:\/\/alimen-t.be\/?page_id=659"},"modified":"2024-03-11T15:16:11","modified_gmt":"2024-03-11T14:16:11","slug":"notre-but","status":"publish","type":"page","link":"https:\/\/alimen-t.be\/index.php\/notre-but\/","title":{"rendered":"Notre but ?"},"content":{"rendered":"\t\t<div data-elementor-type=\"wp-page\" data-elementor-id=\"659\" class=\"elementor elementor-659\">\n\t\t\t\t<div class=\"elementor-element elementor-element-ce2dd9d e-flex e-con-boxed e-con e-parent\" data-id=\"ce2dd9d\" data-element_type=\"container\" data-settings=\"{&quot;content_width&quot;:&quot;boxed&quot;}\" data-core-v316-plus=\"true\">\n\t\t\t\t\t<div class=\"e-con-inner\">\n\t\t<div class=\"elementor-element elementor-element-3d20a1c e-con-full e-flex e-con e-child\" data-id=\"3d20a1c\" data-element_type=\"container\" data-settings=\"{&quot;content_width&quot;:&quot;full&quot;}\">\n\t\t\t\t<div class=\"elementor-element elementor-element-2716f05 elementor-widget elementor-widget-image\" data-id=\"2716f05\" data-element_type=\"widget\" data-widget_type=\"image.default\">\n\t\t\t\t<div class=\"elementor-widget-container\">\n\t\t\t<style>\/*! elementor - v3.19.0 - 28-02-2024 *\/\n.elementor-widget-image{text-align:center}.elementor-widget-image a{display:inline-block}.elementor-widget-image a img[src$=\".svg\"]{width:48px}.elementor-widget-image img{vertical-align:middle;display:inline-block}<\/style>\t\t\t\t\t\t\t\t\t\t<img fetchpriority=\"high\" decoding=\"async\" width=\"800\" height=\"498\" src=\"https:\/\/alimen-t.be\/wp-content\/uploads\/2024\/02\/pexels-august-de-richelieu-4259140.jpg\" class=\"attachment-large size-large wp-image-949\" alt=\"\" srcset=\"https:\/\/alimen-t.be\/wp-content\/uploads\/2024\/02\/pexels-august-de-richelieu-4259140.jpg 811w, https:\/\/alimen-t.be\/wp-content\/uploads\/2024\/02\/pexels-august-de-richelieu-4259140-300x187.jpg 300w, https:\/\/alimen-t.be\/wp-content\/uploads\/2024\/02\/pexels-august-de-richelieu-4259140-768x478.jpg 768w\" sizes=\"(max-width: 800px) 100vw, 800px\" \/>\t\t\t\t\t\t\t\t\t\t\t\t\t<\/div>\n\t\t\t\t<\/div>\n\t\t\t\t<\/div>\n\t\t<div class=\"elementor-element elementor-element-054f5fe e-con-full e-flex e-con e-child\" data-id=\"054f5fe\" data-element_type=\"container\" data-settings=\"{&quot;content_width&quot;:&quot;full&quot;}\">\n\t\t\t\t<div class=\"elementor-element elementor-element-86f1d21 elementor-widget elementor-widget-text-editor\" data-id=\"86f1d21\" data-element_type=\"widget\" data-widget_type=\"text-editor.default\">\n\t\t\t\t<div class=\"elementor-widget-container\">\n\t\t\t<style>\/*! elementor - v3.19.0 - 28-02-2024 *\/\n.elementor-widget-text-editor.elementor-drop-cap-view-stacked .elementor-drop-cap{background-color:#69727d;color:#fff}.elementor-widget-text-editor.elementor-drop-cap-view-framed .elementor-drop-cap{color:#69727d;border:3px solid;background-color:transparent}.elementor-widget-text-editor:not(.elementor-drop-cap-view-default) .elementor-drop-cap{margin-top:8px}.elementor-widget-text-editor:not(.elementor-drop-cap-view-default) .elementor-drop-cap-letter{width:1em;height:1em}.elementor-widget-text-editor .elementor-drop-cap{float:left;text-align:center;line-height:1;font-size:50px}.elementor-widget-text-editor .elementor-drop-cap-letter{display:inline-block}<\/style>\t\t\t\t<p><strong>Apporter un soutien et venir en aide aux initiatives d\u2019aide alimentaire et non-alimentaire en province de Luxembourg et promouvoir une alimentation saine aupr\u00e8s des enfants et des familles.<\/strong><\/p>\n<p>Le but social et d\u00e9sint\u00e9ress\u00e9 de l\u2019Asbl est multidimensionnel. L\u2019association a pour objectifs d\u2019apporter un soutien et de venir en aide aux initiatives d\u2019aide alimentaire et non alimentaire en province de Luxembourg. Elle pourra notamment apporter une aide logistique, technique et administrative aux diverses institutions sociales et aux associations, promouvoir une alimentation saine aupr\u00e8s des enfants et des familles, et d\u00e9velopper des projets en faveur des personnes fragilis\u00e9es. De mani\u00e8re plus concr\u00e8te, ses actions porteront sur l\u2019aide alimentaire et non alimentaire, la lutte contre la pauvret\u00e9, la valorisation et la promotion des circuits courts et des produits locaux, la transformation des produits, invendus et surplus, la lutte contre le gaspillage alimentaire, le d\u00e9veloppement durable, et la coh\u00e9sion sociale.<\/p>\t\t\t\t\t\t<\/div>\n\t\t\t\t<\/div>\n\t\t\t\t<\/div>\n\t\t\t\t\t<\/div>\n\t\t\t\t<\/div>\n\t\t\t\t<\/div>\n\t\t","protected":false},"excerpt":{"rendered":"<p>Apporter un soutien et venir en aide aux initiatives d\u2019aide alimentaire et non-alimentaire en province de Luxembourg et promouvoir une alimentation saine aupr\u00e8s des enfants et des familles. Le but social et d\u00e9sint\u00e9ress\u00e9 de l\u2019Asbl est multidimensionnel. L\u2019association a pour objectifs d\u2019apporter un soutien et de venir en aide aux initiatives d\u2019aide alimentaire et non [&hellip;]<\/p>\n","protected":false},"author":1,"featured_media":0,"parent":0,"menu_order":0,"comment_status":"closed","ping_status":"closed","template":"","meta":{"footnotes":""},"_links":{"self":[{"href":"https:\/\/alimen-t.be\/index.php\/wp-json\/wp\/v2\/pages\/659"}],"collection":[{"href":"https:\/\/alimen-t.be\/index.php\/wp-json\/wp\/v2\/pages"}],"about":[{"href":"https:\/\/alimen-t.be\/index.php\/wp-json\/wp\/v2\/types\/page"}],"author":[{"embeddable":true,"href":"https:\/\/alimen-t.be\/index.php\/wp-json\/wp\/v2\/users\/1"}],"replies":[{"embeddable":true,"href":"https:\/\/alimen-t.be\/index.php\/wp-json\/wp\/v2\/comments?post=659"}],"version-history":[{"count":7,"href":"https:\/\/alimen-t.be\/index.php\/wp-json\/wp\/v2\/pages\/659\/revisions"}],"predecessor-version":[{"id":1079,"href":"https:\/\/alimen-t.be\/index.php\/wp-json\/wp\/v2\/pages\/659\/revisions\/1079"}],"wp:attachment":[{"href":"https:\/\/alimen-t.be\/index.php\/wp-json\/wp\/v2\/media?parent=659"}],"curies":[{"name":"wp","href":"https:\/\/api.w.org\/{rel}","templated":true}]}}